{"id":20,"date":"2023-11-14T14:10:24","date_gmt":"2023-11-14T14:10:24","guid":{"rendered":"https:\/\/polydec.blbn.website\/?page_id=20"},"modified":"2024-02-12T09:38:32","modified_gmt":"2024-02-12T09:38:32","slug":"o-nama","status":"publish","type":"page","link":"https:\/\/polydec.rs\/en\/o-nama\/","title":{"rendered":"About us"},"content":{"rendered":"<div data-elementor-type=\"wp-page\" data-elementor-id=\"20\" class=\"elementor elementor-20\" data-elementor-post-type=\"page\">\n\t\t\t\t<div class=\"elementor-element elementor-element-9017be7 e-flex e-con-boxed e-con e-parent\" data-id=\"9017be7\" data-element_type=\"container\" data-settings=\"{&quot;background_background&quot;:&quot;classic&quot;}\">\n\t\t\t\t\t<div class=\"e-con-inner\">\n\t\t\t\t<div class=\"elementor-element elementor-element-d351f70 elementor-widget elementor-widget-heading\" data-id=\"d351f70\" data-element_type=\"widget\" data-widget_type=\"heading.default\">\n\t\t\t\t<div class=\"elementor-widget-container\">\n\t\t\t\t\t<h1 class=\"elementor-heading-title elementor-size-default\">About us<\/h1>\t\t\t\t<\/div>\n\t\t\t\t<\/div>\n\t\t\t\t<div class=\"elementor-element elementor-element-956161a elementor-icon-list--layout-inline elementor-align-center elementor-list-item-link-full_width elementor-invisible elementor-widget elementor-widget-icon-list\" data-id=\"956161a\" data-element_type=\"widget\" data-settings=\"{&quot;_animation&quot;:&quot;fadeIn&quot;,&quot;_animation_delay&quot;:200}\" data-widget_type=\"icon-list.default\">\n\t\t\t\t<div class=\"elementor-widget-container\">\n\t\t\t\t\t\t\t<ul class=\"elementor-icon-list-items elementor-inline-items\">\n\t\t\t\t\t\t\t<li class=\"elementor-icon-list-item elementor-inline-item\">\n\t\t\t\t\t\t\t\t\t\t\t<a href=\"https:\/\/polydec.rs\/en\">\n\n\t\t\t\t\t\t\t\t\t\t\t<span class=\"elementor-icon-list-text\">HOME<\/span>\n\t\t\t\t\t\t\t\t\t\t\t<\/a>\n\t\t\t\t\t\t\t\t\t<\/li>\n\t\t\t\t\t\t\t\t<li class=\"elementor-icon-list-item elementor-inline-item\">\n\t\t\t\t\t\t\t\t\t\t\t<span class=\"elementor-icon-list-icon\">\n\t\t\t\t\t\t\t<i aria-hidden=\"true\" class=\"far fa-square\"><\/i>\t\t\t\t\t\t<\/span>\n\t\t\t\t\t\t\t\t\t\t<span class=\"elementor-icon-list-text\">About us<\/span>\n\t\t\t\t\t\t\t\t\t<\/li>\n\t\t\t\t\t\t<\/ul>\n\t\t\t\t\t\t<\/div>\n\t\t\t\t<\/div>\n\t\t\t\t\t<\/div>\n\t\t\t\t<\/div>\n\t\t<div class=\"elementor-element elementor-element-432d87e e-flex e-con-boxed e-con e-parent\" data-id=\"432d87e\" data-element_type=\"container\">\n\t\t\t\t\t<div class=\"e-con-inner\">\n\t\t<div class=\"elementor-element elementor-element-16c3c41 e-con-full e-flex e-con e-child\" data-id=\"16c3c41\" data-element_type=\"container\" data-settings=\"{&quot;background_background&quot;:&quot;classic&quot;}\">\n\t\t\t\t<div class=\"elementor-element elementor-element-92adeb4 elementor-widget elementor-widget-spacer\" data-id=\"92adeb4\" data-element_type=\"widget\" data-widget_type=\"spacer.default\">\n\t\t\t\t<div class=\"elementor-widget-container\">\n\t\t\t\t\t\t\t<div class=\"elementor-spacer\">\n\t\t\t<div class=\"elementor-spacer-inner\"><\/div>\n\t\t<\/div>\n\t\t\t\t\t\t<\/div>\n\t\t\t\t<\/div>\n\t\t\t\t<\/div>\n\t\t<div class=\"elementor-element elementor-element-88aecdb e-flex e-con-boxed e-con e-child\" data-id=\"88aecdb\" data-element_type=\"container\" data-settings=\"{&quot;background_background&quot;:&quot;classic&quot;}\">\n\t\t\t\t\t<div class=\"e-con-inner\">\n\t\t\t\t<div class=\"elementor-element elementor-element-8b2e24f elementor-widget elementor-widget-heading\" data-id=\"8b2e24f\" data-element_type=\"widget\" data-widget_type=\"heading.default\">\n\t\t\t\t<div class=\"elementor-widget-container\">\n\t\t\t\t\t<h2 class=\"elementor-heading-title elementor-size-default\">Aesthetics and quality<\/h2>\t\t\t\t<\/div>\n\t\t\t\t<\/div>\n\t\t\t\t<div class=\"elementor-element elementor-element-56391e0 elementor-widget elementor-widget-text-editor\" data-id=\"56391e0\" data-element_type=\"widget\" data-widget_type=\"text-editor.default\">\n\t\t\t\t<div class=\"elementor-widget-container\">\n\t\t\t\t\t\t\t\t\t<p>PolyDec is a family business founded in the year 2000 by the architects Marina and Aleksandar \u0110or\u0111evi\u0107 They recognized the need to introduce new and formerly unknown materials for interior decoration to our market.<\/p>\t\t\t\t\t\t\t\t<\/div>\n\t\t\t\t<\/div>\n\t\t\t\t\t<\/div>\n\t\t\t\t<\/div>\n\t\t\t\t\t<\/div>\n\t\t\t\t<\/div>\n\t\t<div class=\"elementor-element elementor-element-594719e e-con-full e-flex e-con e-parent\" data-id=\"594719e\" data-element_type=\"container\" data-settings=\"{&quot;background_background&quot;:&quot;classic&quot;}\">\n\t\t<div class=\"elementor-element elementor-element-f7c71a2 e-con-full e-flex e-con e-child\" data-id=\"f7c71a2\" data-element_type=\"container\">\n\t\t<div class=\"elementor-element elementor-element-5a7275e e-flex e-con-boxed e-con e-child\" data-id=\"5a7275e\" data-element_type=\"container\">\n\t\t\t\t\t<div class=\"e-con-inner\">\n\t\t\t\t<div class=\"elementor-element elementor-element-8b83704 elementor-widget elementor-widget-heading\" data-id=\"8b83704\" data-element_type=\"widget\" data-widget_type=\"heading.default\">\n\t\t\t\t<div class=\"elementor-widget-container\">\n\t\t\t\t\t<h2 class=\"elementor-heading-title elementor-size-default\">Complete interior decoration<\/h2>\t\t\t\t<\/div>\n\t\t\t\t<\/div>\n\t\t\t\t<div class=\"elementor-element elementor-element-0a76923 elementor-widget elementor-widget-text-editor\" data-id=\"0a76923\" data-element_type=\"widget\" data-widget_type=\"text-editor.default\">\n\t\t\t\t<div class=\"elementor-widget-container\">\n\t\t\t\t\t\t\t\t\t<div dir=\"auto\"><div dir=\"auto\"><div dir=\"auto\"><p>Over the years, our product range grew including more and more products from\nworld-renowned manufacturers. Today, we have all the materials needed to decorate a\nroom including: mouldings, wallpapers, rugs, parquets, fabrics for upholstery,\ncurtains and draperies, lamps\u2026\nIn addition, our team of architects does turnkey projects which include interior\ndesign, construction, procurement of furniture, lighting, decoration....<\/p><\/div><\/div><\/div>\t\t\t\t\t\t\t\t<\/div>\n\t\t\t\t<\/div>\n\t\t\t\t\t<\/div>\n\t\t\t\t<\/div>\n\t\t\t\t<\/div>\n\t\t<div class=\"elementor-element elementor-element-cc0d5eb e-con-full e-flex e-con e-child\" data-id=\"cc0d5eb\" data-element_type=\"container\">\n\t\t\t\t<div class=\"elementor-element elementor-element-9cb3939 elementor-widget elementor-widget-image\" data-id=\"9cb3939\" data-element_type=\"widget\" data-widget_type=\"image.default\">\n\t\t\t\t<div class=\"elementor-widget-container\">\n\t\t\t\t\t\t\t\t\t\t\t\t\t\t\t<img fetchpriority=\"high\" decoding=\"async\" width=\"800\" height=\"787\" src=\"https:\/\/polydec.rs\/wp-content\/uploads\/2024\/01\/o-nama-1024x1007.webp\" class=\"attachment-large size-large wp-image-3329\" alt=\"\" srcset=\"https:\/\/polydec.rs\/wp-content\/uploads\/2024\/01\/o-nama-1024x1007.webp 1024w, https:\/\/polydec.rs\/wp-content\/uploads\/2024\/01\/o-nama-300x295.webp 300w, https:\/\/polydec.rs\/wp-content\/uploads\/2024\/01\/o-nama-768x755.webp 768w, https:\/\/polydec.rs\/wp-content\/uploads\/2024\/01\/o-nama-1536x1511.webp 1536w, https:\/\/polydec.rs\/wp-content\/uploads\/2024\/01\/o-nama-2048x2015.webp 2048w\" sizes=\"(max-width: 800px) 100vw, 800px\" \/>\t\t\t\t\t\t\t\t\t\t\t\t\t\t\t<\/div>\n\t\t\t\t<\/div>\n\t\t\t\t<\/div>\n\t\t\t\t<\/div>\n\t\t<div class=\"elementor-element elementor-element-8fc3f96 e-flex e-con-boxed e-con e-parent\" data-id=\"8fc3f96\" data-element_type=\"container\">\n\t\t\t\t\t<div class=\"e-con-inner\">\n\t\t<div class=\"elementor-element elementor-element-4e23cef e-con-full e-flex e-con e-child\" data-id=\"4e23cef\" data-element_type=\"container\" data-settings=\"{&quot;background_background&quot;:&quot;classic&quot;}\">\n\t\t\t\t<div class=\"elementor-element elementor-element-6d51543 elementor-widget elementor-widget-heading\" data-id=\"6d51543\" data-element_type=\"widget\" data-widget_type=\"heading.default\">\n\t\t\t\t<div class=\"elementor-widget-container\">\n\t\t\t\t\t<h2 class=\"elementor-heading-title elementor-size-default\">Decoration Consulting<\/h2>\t\t\t\t<\/div>\n\t\t\t\t<\/div>\n\t\t\t\t<div class=\"elementor-element elementor-element-366a465 elementor-widget elementor-widget-text-editor\" data-id=\"366a465\" data-element_type=\"widget\" data-widget_type=\"text-editor.default\">\n\t\t\t\t<div class=\"elementor-widget-container\">\n\t\t\t\t\t\t\t\t\t<p>In the pleasant ambience of the PolyDec showroom, our team of architects and interior designers offer consulting services and help with choosing and combining different materials so that the end result meets the wishes and needs of clients.<\/p>\t\t\t\t\t\t\t\t<\/div>\n\t\t\t\t<\/div>\n\t\t\t\t<\/div>\n\t\t<div class=\"elementor-element elementor-element-d0548a2 e-con-full e-flex e-con e-child\" data-id=\"d0548a2\" data-element_type=\"container\" data-settings=\"{&quot;background_background&quot;:&quot;classic&quot;}\">\n\t\t\t\t<div class=\"elementor-element elementor-element-82a94dd elementor-widget elementor-widget-button\" data-id=\"82a94dd\" data-element_type=\"widget\" data-widget_type=\"button.default\">\n\t\t\t\t<div class=\"elementor-widget-container\">\n\t\t\t\t\t\t\t\t\t<div class=\"elementor-button-wrapper\">\n\t\t\t\t\t<a class=\"elementor-button elementor-button-link elementor-size-sm\" href=\"https:\/\/polydec.rs\/en\/kontakt\/\">\n\t\t\t\t\t\t<span class=\"elementor-button-content-wrapper\">\n\t\t\t\t\t\t\t\t\t<span class=\"elementor-button-text\">Contact<\/span>\n\t\t\t\t\t<\/span>\n\t\t\t\t\t<\/a>\n\t\t\t\t<\/div>\n\t\t\t\t\t\t\t\t<\/div>\n\t\t\t\t<\/div>\n\t\t\t\t<\/div>\n\t\t\t\t\t<\/div>\n\t\t\t\t<\/div>\n\t\t\t\t<\/div>","protected":false},"excerpt":{"rendered":"<p>O Nama HOME O nama Spajanje estetike i kvaliteta PolyDec je porodi\u010dna firma koja je osnovana 2000. godine sa idejom da uvede tada savremene i na na\u0161em tr\u017ei\u0161tu nepoznate materijale za dekoraciju enterijera. Osnovana je od strane arhitekata Marine i Aleksandra \u0110or\u0111evi\u0107a koji su prepoznali potrebu da se uvedu novi materijali do tada dostupni samo [&hellip;]<\/p>","protected":false},"author":1,"featured_media":0,"parent":0,"menu_order":0,"comment_status":"closed","ping_status":"closed","template":"elementor_header_footer","meta":{"footnotes":""},"class_list":["post-20","page","type-page","status-publish","hentry"],"_links":{"self":[{"href":"https:\/\/polydec.rs\/en\/wp-json\/wp\/v2\/pages\/20","targetHints":{"allow":["GET"]}}],"collection":[{"href":"https:\/\/polydec.rs\/en\/wp-json\/wp\/v2\/pages"}],"about":[{"href":"https:\/\/polydec.rs\/en\/wp-json\/wp\/v2\/types\/page"}],"author":[{"embeddable":true,"href":"https:\/\/polydec.rs\/en\/wp-json\/wp\/v2\/users\/1"}],"replies":[{"embeddable":true,"href":"https:\/\/polydec.rs\/en\/wp-json\/wp\/v2\/comments?post=20"}],"version-history":[{"count":187,"href":"https:\/\/polydec.rs\/en\/wp-json\/wp\/v2\/pages\/20\/revisions"}],"predecessor-version":[{"id":3941,"href":"https:\/\/polydec.rs\/en\/wp-json\/wp\/v2\/pages\/20\/revisions\/3941"}],"wp:attachment":[{"href":"https:\/\/polydec.rs\/en\/wp-json\/wp\/v2\/media?parent=20"}],"curies":[{"name":"wp","href":"https:\/\/api.w.org\/{rel}","templated":true}]}}