{"id":2438,"date":"2023-12-26T09:56:03","date_gmt":"2023-12-26T09:56:03","guid":{"rendered":"https:\/\/polydec.blbn.website\/?page_id=2438"},"modified":"2024-01-31T10:02:18","modified_gmt":"2024-01-31T10:02:18","slug":"projektovanje-enterijera","status":"publish","type":"page","link":"https:\/\/polydec.rs\/en\/usluge\/projektovanje-enterijera\/","title":{"rendered":"Interior design"},"content":{"rendered":"<div data-elementor-type=\"wp-page\" data-elementor-id=\"2438\" class=\"elementor elementor-2438\" data-elementor-post-type=\"page\">\n\t\t\t\t<div class=\"elementor-element elementor-element-37ce017 e-con-full e-flex e-con e-parent\" data-id=\"37ce017\" data-element_type=\"container\">\n\t\t<div class=\"elementor-element elementor-element-2125c19 e-con-full e-flex e-con e-child\" data-id=\"2125c19\" data-element_type=\"container\">\n\t\t<div class=\"elementor-element elementor-element-0bb2ee3 e-flex e-con-boxed e-con e-child\" data-id=\"0bb2ee3\" data-element_type=\"container\">\n\t\t\t\t\t<div class=\"e-con-inner\">\n\t\t\t\t<div class=\"elementor-element elementor-element-68e4588 elementor-widget elementor-widget-heading\" data-id=\"68e4588\" data-element_type=\"widget\" data-widget_type=\"heading.default\">\n\t\t\t\t<div class=\"elementor-widget-container\">\n\t\t\t\t\t<h2 class=\"elementor-heading-title elementor-size-default\">INTERIOR DESIGN<\/h2>\t\t\t\t<\/div>\n\t\t\t\t<\/div>\n\t\t\t\t<div class=\"elementor-element elementor-element-6aff481 elementor-widget-divider--view-line elementor-widget elementor-widget-divider\" data-id=\"6aff481\" data-element_type=\"widget\" data-widget_type=\"divider.default\">\n\t\t\t\t<div class=\"elementor-widget-container\">\n\t\t\t\t\t\t\t<div class=\"elementor-divider\">\n\t\t\t<span class=\"elementor-divider-separator\">\n\t\t\t\t\t\t<\/span>\n\t\t<\/div>\n\t\t\t\t\t\t<\/div>\n\t\t\t\t<\/div>\n\t\t\t\t<div class=\"elementor-element elementor-element-e88675d elementor-widget elementor-widget-text-editor\" data-id=\"e88675d\" data-element_type=\"widget\" data-widget_type=\"text-editor.default\">\n\t\t\t\t<div class=\"elementor-widget-container\">\n\t\t\t\t\t\t\t\t\t<div dir=\"auto\"><div dir=\"auto\">\u00a0<span class=\"il\">Poly<\/span>\u00a0<span class=\"il\">Dec<\/span>\u00a0Poly Dec provides a complete interior design service with a unique approach to each\nproject. Following a discussion with the client we adapt to the client's style, needs and\ndesires. Interiors can be modern, minimalist, classic, eclectic, retro or rustic, but our\ngoal is to always create environments that are a pleasure to be in.\nThe interior design project includes space planning, defining the style and\natmosphere, carpentry work execution, positioning of electrical and plumbing outlets,\nfurniture and equipment selection, interior decoration and communication with\ncontractors. \u00a0<\/div><\/div>\t\t\t\t\t\t\t\t<\/div>\n\t\t\t\t<\/div>\n\t\t\t\t<div class=\"elementor-element elementor-element-0566690 elementor-widget elementor-widget-button\" data-id=\"0566690\" data-element_type=\"widget\" data-widget_type=\"button.default\">\n\t\t\t\t<div class=\"elementor-widget-container\">\n\t\t\t\t\t\t\t\t\t<div class=\"elementor-button-wrapper\">\n\t\t\t\t\t<a class=\"elementor-button elementor-button-link elementor-size-sm\" href=\"https:\/\/polydec.rs\/en\/kontakt\/\">\n\t\t\t\t\t\t<span class=\"elementor-button-content-wrapper\">\n\t\t\t\t\t\t\t\t\t<span class=\"elementor-button-text\">Contact<\/span>\n\t\t\t\t\t<\/span>\n\t\t\t\t\t<\/a>\n\t\t\t\t<\/div>\n\t\t\t\t\t\t\t\t<\/div>\n\t\t\t\t<\/div>\n\t\t\t\t\t<\/div>\n\t\t\t\t<\/div>\n\t\t\t\t<\/div>\n\t\t<div class=\"elementor-element elementor-element-e8821c0 e-con-full e-flex e-con e-child\" data-id=\"e8821c0\" data-element_type=\"container\">\n\t\t\t\t<div class=\"elementor-element elementor-element-a763509 elementor-widget elementor-widget-image\" data-id=\"a763509\" data-element_type=\"widget\" data-widget_type=\"image.default\">\n\t\t\t\t<div class=\"elementor-widget-container\">\n\t\t\t\t\t\t\t\t\t\t\t\t\t\t\t<img fetchpriority=\"high\" decoding=\"async\" width=\"800\" height=\"787\" src=\"https:\/\/polydec.rs\/wp-content\/uploads\/2024\/01\/43-copy-1-1024x1007.webp\" class=\"attachment-large size-large wp-image-3301\" alt=\"\" srcset=\"https:\/\/polydec.rs\/wp-content\/uploads\/2024\/01\/43-copy-1-1024x1007.webp 1024w, https:\/\/polydec.rs\/wp-content\/uploads\/2024\/01\/43-copy-1-300x295.webp 300w, https:\/\/polydec.rs\/wp-content\/uploads\/2024\/01\/43-copy-1-768x755.webp 768w, https:\/\/polydec.rs\/wp-content\/uploads\/2024\/01\/43-copy-1-1536x1511.webp 1536w, https:\/\/polydec.rs\/wp-content\/uploads\/2024\/01\/43-copy-1-2048x2015.webp 2048w\" sizes=\"(max-width: 800px) 100vw, 800px\" \/>\t\t\t\t\t\t\t\t\t\t\t\t\t\t\t<\/div>\n\t\t\t\t<\/div>\n\t\t\t\t<\/div>\n\t\t\t\t<\/div>\n\t\t\t\t<\/div>","protected":false},"excerpt":{"rendered":"<p>PROJEKTOVANJE ENTERIJERA \u00a0Poly\u00a0Dec\u00a0pru\u017ea kompletnu uslugu projektovanja enterijera. Nakon razgovora sa klijentom, svakom projektu se pristupa individualno, a re\u0161enja mogu biti moderna, minimalisti\u010dka, klasi\u010dna, eklekti\u010dna, retro ili rusti\u010dna, sa ciljem da se dobiju ambijenti u kojima je zadovoljstvo boraviti. Projekat enterijera obuhvata analizu funkcije i organizacije prostora, definisanje stila i atmosfere, projekat za izvodjenje stolarskih radova, [&hellip;]<\/p>","protected":false},"author":1,"featured_media":3783,"parent":22,"menu_order":0,"comment_status":"closed","ping_status":"closed","template":"","meta":{"footnotes":""},"class_list":["post-2438","page","type-page","status-publish","has-post-thumbnail","hentry"],"_links":{"self":[{"href":"https:\/\/polydec.rs\/en\/wp-json\/wp\/v2\/pages\/2438","targetHints":{"allow":["GET"]}}],"collection":[{"href":"https:\/\/polydec.rs\/en\/wp-json\/wp\/v2\/pages"}],"about":[{"href":"https:\/\/polydec.rs\/en\/wp-json\/wp\/v2\/types\/page"}],"author":[{"embeddable":true,"href":"https:\/\/polydec.rs\/en\/wp-json\/wp\/v2\/users\/1"}],"replies":[{"embeddable":true,"href":"https:\/\/polydec.rs\/en\/wp-json\/wp\/v2\/comments?post=2438"}],"version-history":[{"count":19,"href":"https:\/\/polydec.rs\/en\/wp-json\/wp\/v2\/pages\/2438\/revisions"}],"predecessor-version":[{"id":3304,"href":"https:\/\/polydec.rs\/en\/wp-json\/wp\/v2\/pages\/2438\/revisions\/3304"}],"up":[{"embeddable":true,"href":"https:\/\/polydec.rs\/en\/wp-json\/wp\/v2\/pages\/22"}],"wp:featuredmedia":[{"embeddable":true,"href":"https:\/\/polydec.rs\/en\/wp-json\/wp\/v2\/media\/3783"}],"wp:attachment":[{"href":"https:\/\/polydec.rs\/en\/wp-json\/wp\/v2\/media?parent=2438"}],"curies":[{"name":"wp","href":"https:\/\/api.w.org\/{rel}","templated":true}]}}