{"id":2440,"date":"2023-12-26T09:56:19","date_gmt":"2023-12-26T09:56:19","guid":{"rendered":"https:\/\/polydec.blbn.website\/?page_id=2440"},"modified":"2024-01-31T10:02:23","modified_gmt":"2024-01-31T10:02:23","slug":"opremanje-rezidencijalnih-enterijera","status":"publish","type":"page","link":"https:\/\/polydec.rs\/en\/usluge\/opremanje-rezidencijalnih-enterijera\/","title":{"rendered":"Furnishing of Residential Interiors"},"content":{"rendered":"<div data-elementor-type=\"wp-page\" data-elementor-id=\"2440\" class=\"elementor elementor-2440\" data-elementor-post-type=\"page\">\n\t\t\t\t<div class=\"elementor-element elementor-element-d8d116f e-con-full e-flex e-con e-parent\" data-id=\"d8d116f\" data-element_type=\"container\">\n\t\t<div class=\"elementor-element elementor-element-0e18d9e e-con-full e-flex e-con e-child\" data-id=\"0e18d9e\" data-element_type=\"container\">\n\t\t<div class=\"elementor-element elementor-element-8ff17eb e-flex e-con-boxed e-con e-child\" data-id=\"8ff17eb\" data-element_type=\"container\">\n\t\t\t\t\t<div class=\"e-con-inner\">\n\t\t\t\t<div class=\"elementor-element elementor-element-9031fc2 elementor-widget elementor-widget-heading\" data-id=\"9031fc2\" data-element_type=\"widget\" data-widget_type=\"heading.default\">\n\t\t\t\t<div class=\"elementor-widget-container\">\n\t\t\t\t\t<h2 class=\"elementor-heading-title elementor-size-default\">RESIDENTIAL INTERIORS FURNISHING \n<\/h2>\t\t\t\t<\/div>\n\t\t\t\t<\/div>\n\t\t\t\t<div class=\"elementor-element elementor-element-703d66d elementor-widget-divider--view-line elementor-widget elementor-widget-divider\" data-id=\"703d66d\" data-element_type=\"widget\" data-widget_type=\"divider.default\">\n\t\t\t\t<div class=\"elementor-widget-container\">\n\t\t\t\t\t\t\t<div class=\"elementor-divider\">\n\t\t\t<span class=\"elementor-divider-separator\">\n\t\t\t\t\t\t<\/span>\n\t\t<\/div>\n\t\t\t\t\t\t<\/div>\n\t\t\t\t<\/div>\n\t\t\t\t<div class=\"elementor-element elementor-element-2ea8cf9 elementor-widget elementor-widget-text-editor\" data-id=\"2ea8cf9\" data-element_type=\"widget\" data-widget_type=\"text-editor.default\">\n\t\t\t\t<div class=\"elementor-widget-container\">\n\t\t\t\t\t\t\t\t\t<div dir=\"auto\">\u00a0In addition to our standard assortment - mouldings, wallpaper, fabrics, rugs and\nparquet, we also cooperate with various suppliers of furniture, lighting, carpets,\ndecoration... Furthermore we carry out all types of work - demolition, masonry,\nflooring, plumbing, tiling, electrical installations, wallpaper and mouldings installation,\nplastering, painting, carpentry...\u00a0<\/div><div dir=\"auto\">\u00a0<\/div>\t\t\t\t\t\t\t\t<\/div>\n\t\t\t\t<\/div>\n\t\t\t\t<div class=\"elementor-element elementor-element-a57d11f elementor-widget elementor-widget-button\" data-id=\"a57d11f\" data-element_type=\"widget\" data-widget_type=\"button.default\">\n\t\t\t\t<div class=\"elementor-widget-container\">\n\t\t\t\t\t\t\t\t\t<div class=\"elementor-button-wrapper\">\n\t\t\t\t\t<a class=\"elementor-button elementor-button-link elementor-size-sm\" href=\"https:\/\/polydec.rs\/en\/kontakt\/\">\n\t\t\t\t\t\t<span class=\"elementor-button-content-wrapper\">\n\t\t\t\t\t\t\t\t\t<span class=\"elementor-button-text\">Contact<\/span>\n\t\t\t\t\t<\/span>\n\t\t\t\t\t<\/a>\n\t\t\t\t<\/div>\n\t\t\t\t\t\t\t\t<\/div>\n\t\t\t\t<\/div>\n\t\t\t\t\t<\/div>\n\t\t\t\t<\/div>\n\t\t\t\t<\/div>\n\t\t<div class=\"elementor-element elementor-element-26eae15 e-con-full e-flex e-con e-child\" data-id=\"26eae15\" data-element_type=\"container\">\n\t\t\t\t<div class=\"elementor-element elementor-element-5bd35bb elementor-widget elementor-widget-image\" data-id=\"5bd35bb\" data-element_type=\"widget\" data-widget_type=\"image.default\">\n\t\t\t\t<div class=\"elementor-widget-container\">\n\t\t\t\t\t\t\t\t\t\t\t\t\t\t\t<img fetchpriority=\"high\" decoding=\"async\" width=\"800\" height=\"787\" src=\"https:\/\/polydec.rs\/wp-content\/uploads\/2024\/01\/43-copy-1024x1007.webp\" class=\"attachment-large size-large wp-image-3276\" alt=\"\" srcset=\"https:\/\/polydec.rs\/wp-content\/uploads\/2024\/01\/43-copy-1024x1007.webp 1024w, https:\/\/polydec.rs\/wp-content\/uploads\/2024\/01\/43-copy-300x295.webp 300w, https:\/\/polydec.rs\/wp-content\/uploads\/2024\/01\/43-copy-768x755.webp 768w, https:\/\/polydec.rs\/wp-content\/uploads\/2024\/01\/43-copy-1536x1511.webp 1536w, https:\/\/polydec.rs\/wp-content\/uploads\/2024\/01\/43-copy-2048x2015.webp 2048w\" sizes=\"(max-width: 800px) 100vw, 800px\" \/>\t\t\t\t\t\t\t\t\t\t\t\t\t\t\t<\/div>\n\t\t\t\t<\/div>\n\t\t\t\t<\/div>\n\t\t\t\t<\/div>\n\t\t\t\t<\/div>","protected":false},"excerpt":{"rendered":"<p>OPREMANJE REZIDENCIJALNIH ENTERIJERA \u00a0Kod nas mo\u017eete opremiti svoj prostor u potpunosti! Osim na\u0161eg stalnog asortimana &#8211; lajsni, tapeta, tkanina, tepiha i parketa, saradjujemo i sa raznim dobavlja\u010dima name\u0161taja, rasvete, itisona, dekoracije&#8230; Izvodimo i sve vrste radova \u2013 ru\u0161enje, zidanje, postavljanje parketa, keramike, razvodjenje elektri\u010dnih i vodovodnih instalacija, lepljenje tapeta, lajsni, kre\u010denje, izvodjenje stolarskih radova&#8230;\u00a0\u00a0 Kontakt<\/p>","protected":false},"author":1,"featured_media":3782,"parent":22,"menu_order":0,"comment_status":"closed","ping_status":"closed","template":"","meta":{"footnotes":""},"class_list":["post-2440","page","type-page","status-publish","has-post-thumbnail","hentry"],"_links":{"self":[{"href":"https:\/\/polydec.rs\/en\/wp-json\/wp\/v2\/pages\/2440","targetHints":{"allow":["GET"]}}],"collection":[{"href":"https:\/\/polydec.rs\/en\/wp-json\/wp\/v2\/pages"}],"about":[{"href":"https:\/\/polydec.rs\/en\/wp-json\/wp\/v2\/types\/page"}],"author":[{"embeddable":true,"href":"https:\/\/polydec.rs\/en\/wp-json\/wp\/v2\/users\/1"}],"replies":[{"embeddable":true,"href":"https:\/\/polydec.rs\/en\/wp-json\/wp\/v2\/comments?post=2440"}],"version-history":[{"count":37,"href":"https:\/\/polydec.rs\/en\/wp-json\/wp\/v2\/pages\/2440\/revisions"}],"predecessor-version":[{"id":3300,"href":"https:\/\/polydec.rs\/en\/wp-json\/wp\/v2\/pages\/2440\/revisions\/3300"}],"up":[{"embeddable":true,"href":"https:\/\/polydec.rs\/en\/wp-json\/wp\/v2\/pages\/22"}],"wp:featuredmedia":[{"embeddable":true,"href":"https:\/\/polydec.rs\/en\/wp-json\/wp\/v2\/media\/3782"}],"wp:attachment":[{"href":"https:\/\/polydec.rs\/en\/wp-json\/wp\/v2\/media?parent=2440"}],"curies":[{"name":"wp","href":"https:\/\/api.w.org\/{rel}","templated":true}]}}