{"id":2442,"date":"2023-12-26T09:56:36","date_gmt":"2023-12-26T09:56:36","guid":{"rendered":"https:\/\/polydec.blbn.website\/?page_id=2442"},"modified":"2024-01-31T10:02:27","modified_gmt":"2024-01-31T10:02:27","slug":"opremanje-hotela-i-poslovnih-prostora","status":"publish","type":"page","link":"https:\/\/polydec.rs\/en\/usluge\/opremanje-hotela-i-poslovnih-prostora\/","title":{"rendered":"Furnishing of hotels and business premises"},"content":{"rendered":"<div data-elementor-type=\"wp-page\" data-elementor-id=\"2442\" class=\"elementor elementor-2442\" data-elementor-post-type=\"page\">\n\t\t\t\t<div class=\"elementor-element elementor-element-46312e2 e-con-full e-flex e-con e-parent\" data-id=\"46312e2\" data-element_type=\"container\">\n\t\t<div class=\"elementor-element elementor-element-30cbead e-con-full e-flex e-con e-child\" data-id=\"30cbead\" data-element_type=\"container\">\n\t\t<div class=\"elementor-element elementor-element-818533e e-flex e-con-boxed e-con e-child\" data-id=\"818533e\" data-element_type=\"container\">\n\t\t\t\t\t<div class=\"e-con-inner\">\n\t\t\t\t<div class=\"elementor-element elementor-element-a37bc02 elementor-widget elementor-widget-heading\" data-id=\"a37bc02\" data-element_type=\"widget\" data-widget_type=\"heading.default\">\n\t\t\t\t<div class=\"elementor-widget-container\">\n\t\t\t\t\t<h2 class=\"elementor-heading-title elementor-size-default\"> FURNISHING HOTELS AND BUSINESS PREMISES \n<\/h2>\t\t\t\t<\/div>\n\t\t\t\t<\/div>\n\t\t\t\t<div class=\"elementor-element elementor-element-3328b02 elementor-widget-divider--view-line elementor-widget elementor-widget-divider\" data-id=\"3328b02\" data-element_type=\"widget\" data-widget_type=\"divider.default\">\n\t\t\t\t<div class=\"elementor-widget-container\">\n\t\t\t\t\t\t\t<div class=\"elementor-divider\">\n\t\t\t<span class=\"elementor-divider-separator\">\n\t\t\t\t\t\t<\/span>\n\t\t<\/div>\n\t\t\t\t\t\t<\/div>\n\t\t\t\t<\/div>\n\t\t\t\t<div class=\"elementor-element elementor-element-4300f5a elementor-widget elementor-widget-text-editor\" data-id=\"4300f5a\" data-element_type=\"widget\" data-widget_type=\"text-editor.default\">\n\t\t\t\t<div class=\"elementor-widget-container\">\n\t\t\t\t\t\t\t\t\t<div dir=\"auto\"><div dir=\"auto\">\u00a0The collections intended for furnishing public spaces have all the necessary\ncertificates and attestations. Wallpapers for hotels are made of high-quality vinyl and\nhave high wear resistance. Materials for curtains, blinds and upholstery can be non-\ncombustible or slow-burning. Rugs and carpets are made of different materials that\nare suitable for long-term daily use.<\/div><\/div>\t\t\t\t\t\t\t\t<\/div>\n\t\t\t\t<\/div>\n\t\t\t\t<div class=\"elementor-element elementor-element-49505c7 elementor-widget elementor-widget-button\" data-id=\"49505c7\" data-element_type=\"widget\" data-widget_type=\"button.default\">\n\t\t\t\t<div class=\"elementor-widget-container\">\n\t\t\t\t\t\t\t\t\t<div class=\"elementor-button-wrapper\">\n\t\t\t\t\t<a class=\"elementor-button elementor-button-link elementor-size-sm\" href=\"https:\/\/polydec.rs\/en\/kontakt\/\">\n\t\t\t\t\t\t<span class=\"elementor-button-content-wrapper\">\n\t\t\t\t\t\t\t\t\t<span class=\"elementor-button-text\">Contact<\/span>\n\t\t\t\t\t<\/span>\n\t\t\t\t\t<\/a>\n\t\t\t\t<\/div>\n\t\t\t\t\t\t\t\t<\/div>\n\t\t\t\t<\/div>\n\t\t\t\t\t<\/div>\n\t\t\t\t<\/div>\n\t\t\t\t<\/div>\n\t\t<div class=\"elementor-element elementor-element-4b7b708 e-con-full e-flex e-con e-child\" data-id=\"4b7b708\" data-element_type=\"container\">\n\t\t\t\t<div class=\"elementor-element elementor-element-c381c38 elementor-widget elementor-widget-image\" data-id=\"c381c38\" data-element_type=\"widget\" data-widget_type=\"image.default\">\n\t\t\t\t<div class=\"elementor-widget-container\">\n\t\t\t\t\t\t\t\t\t\t\t\t\t\t\t<img fetchpriority=\"high\" decoding=\"async\" width=\"800\" height=\"787\" src=\"https:\/\/polydec.rs\/wp-content\/uploads\/2024\/01\/43-copy-2-1024x1007.webp\" class=\"attachment-large size-large wp-image-3305\" alt=\"\" srcset=\"https:\/\/polydec.rs\/wp-content\/uploads\/2024\/01\/43-copy-2-1024x1007.webp 1024w, https:\/\/polydec.rs\/wp-content\/uploads\/2024\/01\/43-copy-2-300x295.webp 300w, https:\/\/polydec.rs\/wp-content\/uploads\/2024\/01\/43-copy-2-768x755.webp 768w, https:\/\/polydec.rs\/wp-content\/uploads\/2024\/01\/43-copy-2-1536x1511.webp 1536w, https:\/\/polydec.rs\/wp-content\/uploads\/2024\/01\/43-copy-2-2048x2015.webp 2048w\" sizes=\"(max-width: 800px) 100vw, 800px\" \/>\t\t\t\t\t\t\t\t\t\t\t\t\t\t\t<\/div>\n\t\t\t\t<\/div>\n\t\t\t\t<\/div>\n\t\t\t\t<\/div>\n\t\t\t\t<\/div>","protected":false},"excerpt":{"rendered":"<p>OPREMANJE HOTELA I POSLOVNIH PROSTORA \u00a0Kolekcije namenjene za opremanje javnih prostora poseduju sve potrebne protivpo\u017earne sertifikate i ateste. -Tapete za hotele su izradjene od kvalitetnog vinila i poseduju veliku otpornost na habanje. -Materijali za zavese, zamra\u010diva\u010de i tapaciranje mogu biti negorivi ili sporogorivi. -Tepisi i itisoni rade se od razli\u010ditih materijala koji su pogodni za [&hellip;]<\/p>","protected":false},"author":1,"featured_media":3781,"parent":22,"menu_order":0,"comment_status":"closed","ping_status":"closed","template":"","meta":{"footnotes":""},"class_list":["post-2442","page","type-page","status-publish","has-post-thumbnail","hentry"],"_links":{"self":[{"href":"https:\/\/polydec.rs\/en\/wp-json\/wp\/v2\/pages\/2442","targetHints":{"allow":["GET"]}}],"collection":[{"href":"https:\/\/polydec.rs\/en\/wp-json\/wp\/v2\/pages"}],"about":[{"href":"https:\/\/polydec.rs\/en\/wp-json\/wp\/v2\/types\/page"}],"author":[{"embeddable":true,"href":"https:\/\/polydec.rs\/en\/wp-json\/wp\/v2\/users\/1"}],"replies":[{"embeddable":true,"href":"https:\/\/polydec.rs\/en\/wp-json\/wp\/v2\/comments?post=2442"}],"version-history":[{"count":19,"href":"https:\/\/polydec.rs\/en\/wp-json\/wp\/v2\/pages\/2442\/revisions"}],"predecessor-version":[{"id":3669,"href":"https:\/\/polydec.rs\/en\/wp-json\/wp\/v2\/pages\/2442\/revisions\/3669"}],"up":[{"embeddable":true,"href":"https:\/\/polydec.rs\/en\/wp-json\/wp\/v2\/pages\/22"}],"wp:featuredmedia":[{"embeddable":true,"href":"https:\/\/polydec.rs\/en\/wp-json\/wp\/v2\/media\/3781"}],"wp:attachment":[{"href":"https:\/\/polydec.rs\/en\/wp-json\/wp\/v2\/media?parent=2442"}],"curies":[{"name":"wp","href":"https:\/\/api.w.org\/{rel}","templated":true}]}}