{"id":2444,"date":"2023-12-26T09:56:54","date_gmt":"2023-12-26T09:56:54","guid":{"rendered":"https:\/\/polydec.blbn.website\/?page_id=2444"},"modified":"2024-01-31T10:03:22","modified_gmt":"2024-01-31T10:03:22","slug":"podrska-za-dizajnere-i-arhitekte","status":"publish","type":"page","link":"https:\/\/polydec.rs\/en\/usluge\/podrska-za-dizajnere-i-arhitekte\/","title":{"rendered":"SUPPORT FOR DESIGNERS AND ARCHITECTS"},"content":{"rendered":"<div data-elementor-type=\"wp-page\" data-elementor-id=\"2444\" class=\"elementor elementor-2444\" data-elementor-post-type=\"page\">\n\t\t\t\t<div class=\"elementor-element elementor-element-437a6b4 e-con-full e-flex e-con e-parent\" data-id=\"437a6b4\" data-element_type=\"container\">\n\t\t<div class=\"elementor-element elementor-element-1005375 e-con-full e-flex e-con e-child\" data-id=\"1005375\" data-element_type=\"container\">\n\t\t<div class=\"elementor-element elementor-element-7da7345 e-flex e-con-boxed e-con e-child\" data-id=\"7da7345\" data-element_type=\"container\">\n\t\t\t\t\t<div class=\"e-con-inner\">\n\t\t\t\t<div class=\"elementor-element elementor-element-6fe4ae0 elementor-widget elementor-widget-heading\" data-id=\"6fe4ae0\" data-element_type=\"widget\" data-widget_type=\"heading.default\">\n\t\t\t\t<div class=\"elementor-widget-container\">\n\t\t\t\t\t<h2 class=\"elementor-heading-title elementor-size-default\">SUPPORT FOR DESIGNERS AND ARCHITECTS \n<\/h2>\t\t\t\t<\/div>\n\t\t\t\t<\/div>\n\t\t\t\t<div class=\"elementor-element elementor-element-3eeb845 elementor-widget-divider--view-line elementor-widget elementor-widget-divider\" data-id=\"3eeb845\" data-element_type=\"widget\" data-widget_type=\"divider.default\">\n\t\t\t\t<div class=\"elementor-widget-container\">\n\t\t\t\t\t\t\t<div class=\"elementor-divider\">\n\t\t\t<span class=\"elementor-divider-separator\">\n\t\t\t\t\t\t<\/span>\n\t\t<\/div>\n\t\t\t\t\t\t<\/div>\n\t\t\t\t<\/div>\n\t\t\t\t<div class=\"elementor-element elementor-element-bf7d0bd elementor-widget elementor-widget-text-editor\" data-id=\"bf7d0bd\" data-element_type=\"widget\" data-widget_type=\"text-editor.default\">\n\t\t\t\t<div class=\"elementor-widget-container\">\n\t\t\t\t\t\t\t\t\t<div dir=\"auto\"><div dir=\"auto\">\u00a0When choosing materials for your project, you will have the support of our team that\nknows the complete range of products and can help you find everything you need.\nWe can provide you with material samples, high-resolution photos for 3d models,\nmanufacturer&#039;s catalogs, and help with calculating the required quantities. We have\nlighting and furniture in our offer that we supply specifically for projects.\u00a0<\/div><div dir=\"auto\">\u00a0<\/div><\/div>\t\t\t\t\t\t\t\t<\/div>\n\t\t\t\t<\/div>\n\t\t\t\t<div class=\"elementor-element elementor-element-b4e8e86 elementor-widget elementor-widget-button\" data-id=\"b4e8e86\" data-element_type=\"widget\" data-widget_type=\"button.default\">\n\t\t\t\t<div class=\"elementor-widget-container\">\n\t\t\t\t\t\t\t\t\t<div class=\"elementor-button-wrapper\">\n\t\t\t\t\t<a class=\"elementor-button elementor-button-link elementor-size-sm\" href=\"https:\/\/polydec.rs\/en\/kontakt\/\">\n\t\t\t\t\t\t<span class=\"elementor-button-content-wrapper\">\n\t\t\t\t\t\t\t\t\t<span class=\"elementor-button-text\">Contact<\/span>\n\t\t\t\t\t<\/span>\n\t\t\t\t\t<\/a>\n\t\t\t\t<\/div>\n\t\t\t\t\t\t\t\t<\/div>\n\t\t\t\t<\/div>\n\t\t\t\t\t<\/div>\n\t\t\t\t<\/div>\n\t\t\t\t<\/div>\n\t\t<div class=\"elementor-element elementor-element-9e82412 e-con-full e-flex e-con e-child\" data-id=\"9e82412\" data-element_type=\"container\">\n\t\t\t\t<div class=\"elementor-element elementor-element-6c6ee08 elementor-widget elementor-widget-image\" data-id=\"6c6ee08\" data-element_type=\"widget\" data-widget_type=\"image.default\">\n\t\t\t\t<div class=\"elementor-widget-container\">\n\t\t\t\t\t\t\t\t\t\t\t\t\t\t\t<img fetchpriority=\"high\" decoding=\"async\" width=\"800\" height=\"787\" src=\"https:\/\/polydec.rs\/wp-content\/uploads\/2024\/01\/podrska-za-dizjnere-1024x1007.webp\" class=\"attachment-large size-large wp-image-3310\" alt=\"\" srcset=\"https:\/\/polydec.rs\/wp-content\/uploads\/2024\/01\/podrska-za-dizjnere-1024x1007.webp 1024w, https:\/\/polydec.rs\/wp-content\/uploads\/2024\/01\/podrska-za-dizjnere-300x295.webp 300w, https:\/\/polydec.rs\/wp-content\/uploads\/2024\/01\/podrska-za-dizjnere-768x755.webp 768w, https:\/\/polydec.rs\/wp-content\/uploads\/2024\/01\/podrska-za-dizjnere-1536x1511.webp 1536w, https:\/\/polydec.rs\/wp-content\/uploads\/2024\/01\/podrska-za-dizjnere-2048x2015.webp 2048w\" sizes=\"(max-width: 800px) 100vw, 800px\" \/>\t\t\t\t\t\t\t\t\t\t\t\t\t\t\t<\/div>\n\t\t\t\t<\/div>\n\t\t\t\t<\/div>\n\t\t\t\t<\/div>\n\t\t\t\t<\/div>","protected":false},"excerpt":{"rendered":"<p>PODR\u0160KA ZA DIZAJNERE I ARHITEKTE \u00a0Prilikom odabira materijala za Va\u0161 projekat ima\u0107ete pod\u0161ku na\u0161eg tima koji poznaje kompletan asortiman i mo\u017ee da Vam pomogne da prona\u0111ete sve \u0161to Vam je potrebno. Mo\u017eemo Vam obezbediti uzorke materijala, fotografije u visokoj rezoluciji za 3d modele, kataloge proizvodja\u010da, pomo\u0107 oko ra\u010dunanja potrebnih koli\u010dina. U ponudi imamo rasvetu i [&hellip;]<\/p>","protected":false},"author":1,"featured_media":3780,"parent":22,"menu_order":0,"comment_status":"closed","ping_status":"closed","template":"","meta":{"footnotes":""},"class_list":["post-2444","page","type-page","status-publish","has-post-thumbnail","hentry"],"_links":{"self":[{"href":"https:\/\/polydec.rs\/en\/wp-json\/wp\/v2\/pages\/2444","targetHints":{"allow":["GET"]}}],"collection":[{"href":"https:\/\/polydec.rs\/en\/wp-json\/wp\/v2\/pages"}],"about":[{"href":"https:\/\/polydec.rs\/en\/wp-json\/wp\/v2\/types\/page"}],"author":[{"embeddable":true,"href":"https:\/\/polydec.rs\/en\/wp-json\/wp\/v2\/users\/1"}],"replies":[{"embeddable":true,"href":"https:\/\/polydec.rs\/en\/wp-json\/wp\/v2\/comments?post=2444"}],"version-history":[{"count":13,"href":"https:\/\/polydec.rs\/en\/wp-json\/wp\/v2\/pages\/2444\/revisions"}],"predecessor-version":[{"id":3313,"href":"https:\/\/polydec.rs\/en\/wp-json\/wp\/v2\/pages\/2444\/revisions\/3313"}],"up":[{"embeddable":true,"href":"https:\/\/polydec.rs\/en\/wp-json\/wp\/v2\/pages\/22"}],"wp:featuredmedia":[{"embeddable":true,"href":"https:\/\/polydec.rs\/en\/wp-json\/wp\/v2\/media\/3780"}],"wp:attachment":[{"href":"https:\/\/polydec.rs\/en\/wp-json\/wp\/v2\/media?parent=2444"}],"curies":[{"name":"wp","href":"https:\/\/api.w.org\/{rel}","templated":true}]}}