{"id":2446,"date":"2023-12-26T09:57:13","date_gmt":"2023-12-26T09:57:13","guid":{"rendered":"https:\/\/polydec.blbn.website\/?page_id=2446"},"modified":"2024-01-31T10:02:44","modified_gmt":"2024-01-31T10:02:44","slug":"dekorisanje-i-stilizovanje-prostora","status":"publish","type":"page","link":"https:\/\/polydec.rs\/en\/usluge\/dekorisanje-i-stilizovanje-prostora\/","title":{"rendered":"Decorating and styling the space"},"content":{"rendered":"<div data-elementor-type=\"wp-page\" data-elementor-id=\"2446\" class=\"elementor elementor-2446\" data-elementor-post-type=\"page\">\n\t\t\t\t<div class=\"elementor-element elementor-element-0f95e7a e-con-full e-flex e-con e-parent\" data-id=\"0f95e7a\" data-element_type=\"container\">\n\t\t<div class=\"elementor-element elementor-element-d1c1104 e-con-full e-flex e-con e-child\" data-id=\"d1c1104\" data-element_type=\"container\">\n\t\t<div class=\"elementor-element elementor-element-68b4b96 e-flex e-con-boxed e-con e-child\" data-id=\"68b4b96\" data-element_type=\"container\">\n\t\t\t\t\t<div class=\"e-con-inner\">\n\t\t\t\t<div class=\"elementor-element elementor-element-ec3f4aa elementor-widget elementor-widget-heading\" data-id=\"ec3f4aa\" data-element_type=\"widget\" data-widget_type=\"heading.default\">\n\t\t\t\t<div class=\"elementor-widget-container\">\n\t\t\t\t\t<h2 class=\"elementor-heading-title elementor-size-default\">INTERIOR STYLING AND DECORATING \n<\/h2>\t\t\t\t<\/div>\n\t\t\t\t<\/div>\n\t\t\t\t<div class=\"elementor-element elementor-element-9e32a83 elementor-widget-divider--view-line elementor-widget elementor-widget-divider\" data-id=\"9e32a83\" data-element_type=\"widget\" data-widget_type=\"divider.default\">\n\t\t\t\t<div class=\"elementor-widget-container\">\n\t\t\t\t\t\t\t<div class=\"elementor-divider\">\n\t\t\t<span class=\"elementor-divider-separator\">\n\t\t\t\t\t\t<\/span>\n\t\t<\/div>\n\t\t\t\t\t\t<\/div>\n\t\t\t\t<\/div>\n\t\t\t\t<div class=\"elementor-element elementor-element-ad1487b elementor-widget elementor-widget-text-editor\" data-id=\"ad1487b\" data-element_type=\"widget\" data-widget_type=\"text-editor.default\">\n\t\t\t\t<div class=\"elementor-widget-container\">\n\t\t\t\t\t\t\t\t\t<div dir=\"auto\"><div dir=\"auto\"><div dir=\"auto\">\u00a0Our team of architects use their knowledge and experience to take a space to the\nnext level with wall coverings, fabrics, and decorative pieces. The solution is\nharmonized with the existing elements in the space and the client\u2019s desires.\u00a0<\/div><div dir=\"auto\">\u00a0<\/div><\/div><\/div>\t\t\t\t\t\t\t\t<\/div>\n\t\t\t\t<\/div>\n\t\t\t\t<div class=\"elementor-element elementor-element-f4be6f8 elementor-widget elementor-widget-button\" data-id=\"f4be6f8\" data-element_type=\"widget\" data-widget_type=\"button.default\">\n\t\t\t\t<div class=\"elementor-widget-container\">\n\t\t\t\t\t\t\t\t\t<div class=\"elementor-button-wrapper\">\n\t\t\t\t\t<a class=\"elementor-button elementor-button-link elementor-size-sm\" href=\"https:\/\/polydec.rs\/en\/kontakt\/\">\n\t\t\t\t\t\t<span class=\"elementor-button-content-wrapper\">\n\t\t\t\t\t\t\t\t\t<span class=\"elementor-button-text\">Contact<\/span>\n\t\t\t\t\t<\/span>\n\t\t\t\t\t<\/a>\n\t\t\t\t<\/div>\n\t\t\t\t\t\t\t\t<\/div>\n\t\t\t\t<\/div>\n\t\t\t\t\t<\/div>\n\t\t\t\t<\/div>\n\t\t\t\t<\/div>\n\t\t<div class=\"elementor-element elementor-element-3a4cfac e-con-full e-flex e-con e-child\" data-id=\"3a4cfac\" data-element_type=\"container\">\n\t\t\t\t<div class=\"elementor-element elementor-element-4e8e450 elementor-widget elementor-widget-image\" data-id=\"4e8e450\" data-element_type=\"widget\" data-widget_type=\"image.default\">\n\t\t\t\t<div class=\"elementor-widget-container\">\n\t\t\t\t\t\t\t\t\t\t\t\t\t\t\t<img fetchpriority=\"high\" decoding=\"async\" width=\"800\" height=\"787\" src=\"https:\/\/polydec.rs\/wp-content\/uploads\/2024\/01\/stilizovanje-prostora-1024x1007.webp\" class=\"attachment-large size-large wp-image-3314\" alt=\"\" srcset=\"https:\/\/polydec.rs\/wp-content\/uploads\/2024\/01\/stilizovanje-prostora-1024x1007.webp 1024w, https:\/\/polydec.rs\/wp-content\/uploads\/2024\/01\/stilizovanje-prostora-300x295.webp 300w, https:\/\/polydec.rs\/wp-content\/uploads\/2024\/01\/stilizovanje-prostora-768x755.webp 768w, https:\/\/polydec.rs\/wp-content\/uploads\/2024\/01\/stilizovanje-prostora-1536x1511.webp 1536w, https:\/\/polydec.rs\/wp-content\/uploads\/2024\/01\/stilizovanje-prostora-2048x2015.webp 2048w\" sizes=\"(max-width: 800px) 100vw, 800px\" \/>\t\t\t\t\t\t\t\t\t\t\t\t\t\t\t<\/div>\n\t\t\t\t<\/div>\n\t\t\t\t<\/div>\n\t\t\t\t<\/div>\n\t\t\t\t<\/div>","protected":false},"excerpt":{"rendered":"<p>DEKORISANJE I STILIZOVANJE PROSTORA \u00a0Na\u0161 tim arhitekata koristi svoje znanje i iskustvo kako bi odre\u0111enim oblogama zida, tkaninama, i dekorativnim komadima podigao prostor na vi\u0161i nivo. Re\u0161enje se uskla\u0111uje sa postoje\u0107im elementima u prostoru i \u017eeljama klijenta.\u00a0\u00a0 Kontakt<\/p>","protected":false},"author":1,"featured_media":3779,"parent":22,"menu_order":0,"comment_status":"closed","ping_status":"closed","template":"","meta":{"footnotes":""},"class_list":["post-2446","page","type-page","status-publish","has-post-thumbnail","hentry"],"_links":{"self":[{"href":"https:\/\/polydec.rs\/en\/wp-json\/wp\/v2\/pages\/2446","targetHints":{"allow":["GET"]}}],"collection":[{"href":"https:\/\/polydec.rs\/en\/wp-json\/wp\/v2\/pages"}],"about":[{"href":"https:\/\/polydec.rs\/en\/wp-json\/wp\/v2\/types\/page"}],"author":[{"embeddable":true,"href":"https:\/\/polydec.rs\/en\/wp-json\/wp\/v2\/users\/1"}],"replies":[{"embeddable":true,"href":"https:\/\/polydec.rs\/en\/wp-json\/wp\/v2\/comments?post=2446"}],"version-history":[{"count":13,"href":"https:\/\/polydec.rs\/en\/wp-json\/wp\/v2\/pages\/2446\/revisions"}],"predecessor-version":[{"id":3317,"href":"https:\/\/polydec.rs\/en\/wp-json\/wp\/v2\/pages\/2446\/revisions\/3317"}],"up":[{"embeddable":true,"href":"https:\/\/polydec.rs\/en\/wp-json\/wp\/v2\/pages\/22"}],"wp:featuredmedia":[{"embeddable":true,"href":"https:\/\/polydec.rs\/en\/wp-json\/wp\/v2\/media\/3779"}],"wp:attachment":[{"href":"https:\/\/polydec.rs\/en\/wp-json\/wp\/v2\/media?parent=2446"}],"curies":[{"name":"wp","href":"https:\/\/api.w.org\/{rel}","templated":true}]}}