{"id":3892,"date":"2024-02-07T10:34:44","date_gmt":"2024-02-07T10:34:44","guid":{"rendered":"https:\/\/polydec.blbn.website\/?page_id=3892"},"modified":"2024-02-07T10:55:45","modified_gmt":"2024-02-07T10:55:45","slug":"politika-privatnosti","status":"publish","type":"page","link":"https:\/\/polydec.rs\/en\/politika-privatnosti\/","title":{"rendered":"Politika Privatnosti"},"content":{"rendered":"<div data-elementor-type=\"wp-page\" data-elementor-id=\"3892\" class=\"elementor elementor-3892\" data-elementor-post-type=\"page\">\n\t\t\t\t<div class=\"elementor-element elementor-element-0add348 e-flex e-con-boxed e-con e-parent\" data-id=\"0add348\" data-element_type=\"container\" data-settings=\"{&quot;background_background&quot;:&quot;classic&quot;}\">\n\t\t\t\t\t<div class=\"e-con-inner\">\n\t\t\t\t<div class=\"elementor-element elementor-element-3629ed8 elementor-widget elementor-widget-heading\" data-id=\"3629ed8\" data-element_type=\"widget\" data-widget_type=\"heading.default\">\n\t\t\t\t<div class=\"elementor-widget-container\">\n\t\t\t\t\t<h1 class=\"elementor-heading-title elementor-size-default\">Politika Privatnosti<\/h1>\t\t\t\t<\/div>\n\t\t\t\t<\/div>\n\t\t\t\t\t<\/div>\n\t\t\t\t<\/div>\n\t\t<div class=\"elementor-element elementor-element-098970e e-flex e-con-boxed e-con e-parent\" data-id=\"098970e\" data-element_type=\"container\">\n\t\t\t\t\t<div class=\"e-con-inner\">\n\t\t\t\t<div class=\"elementor-element elementor-element-1f09491 elementor-widget elementor-widget-text-editor\" data-id=\"1f09491\" data-element_type=\"widget\" data-widget_type=\"text-editor.default\">\n\t\t\t\t<div class=\"elementor-widget-container\">\n\t\t\t\t\t\t\t\t\t<h3>OBAVE\u0160TENJE O OBRADI PODATAKA O LI\u010cNOSTI<\/h3><p>Ovo obave\u0161tenje daje se u skladu sa \u010dlanom 21 Zakona o za\u0161titi podataka o li\u010dnosti (\u201cSlu\u017ebeni glasnik RS\u201d, br. 87\/2018)(u nastavku: \u201cZakon o za\u0161titi podataka o li\u010dnosti\u201d), i sadr\u017ei informacije o tome na koji na\u010din privredno dru\u0161tvo PREDUZE\u0106E ZA TRGOVINU I USLUGE POLY DEC DOO BEOGRAD obra\u0111uje Va\u0161e podatke o li\u010dnosti.<\/p><p>Obave\u0161tenje je namenjeno slede\u0107im kategorijama lica:<\/p><p>1. Potencijalnim kupcima<\/p><p>2. Licima koja nas prate putem dru\u0161tvenih mre\u017ea (Instagram, Facebook)<\/p><p>3. Korisnicima Newsletter-a<\/p><h3>I. Rukovalac podacima o li\u010dnosti<\/h3><p>Svojstvo rukovaoca, u smislu \u010dlana 4 stav 1 ta\u010dka 8 Zakona o za\u0161titi podataka o li\u010dnosti, ima PREDUZE\u0106E ZA TRGOVINU I USLUGE POLY DEC DOO BEOGRAD (u nastavku: \u201eRukovalac\u201c, ili \u201eMi\u201c), sa sedi\u0161tem u Beogradu, ul. Pere Todorovi\u0107a 15, mati\u010dni broj: 17308530, pib: 101018770, \u010diji je zakonski zastupnik Marina \u0110or\u0111evi\u0107. \u00a0<\/p><h5>Kontakt podaci Rukovaoca:<\/h5><p>PREDUZE\u0106E ZA TRGOVINU I USLUGE POLY DEC DOO BEOGRAD<\/p><p>Sedi\u0161te: Pere Todorovi\u0107a 15, 11000 Beograd<\/p><p>Poslovni\/prodajni objekt: ul. Simina 41, 11000 Beograd<\/p><p>Tel\/fax: +381 (11) 3540 650; +381 (65) 3540 650<\/p><p>Radno vreme: ponedeljak-petak, 09h-18h<\/p><p>E-mail:\u00a0<a href=\"mailto:office@polydec.rs\">office@polydec.rs<\/a><\/p><p>Rukovalac je organizovan i posluje prema zakonima i drugim pozitivnim propisima Republike Srbije.<\/p><h3>II. Lice za za\u0161titu podataka o li\u010dnosti<\/h3><p>Lice za za\u0161titu podataka o li\u010dnosti je Aleksandar \u0110or\u0111evi\u0107, zaposlen kod Rukovaoca na poziciji arhitekta-odgovorni projektant, e-mail:\u00a0<a href=\"mailto:adjordjevic@polydec.rs\">adjordjevic@polydec.rs<\/a>\u00a0, kontakt telefon: 011 3540 650.<\/p><h3>III. Podaci o li\u010dnosti koje Rukovalac obra\u0111uje, pravni osnov i svrha obrade<\/h3><h5>1. Podaci o kupcima<\/h5><p>-U svrhu dostave projektne dokumentacije (projektovanje enterijera) na adresu kupca usluge, obra\u0111ujemo podatke o li\u010dnosti kupca (ime i prezime, adresu, broj telefona i e-mail adresu) po osnovu izvr\u0161enja ugovora (\u010dlan 12 stav 1 ta\u010dka 2 Zakona o za\u0161titi podataka o li\u010dnosti);<\/p><p>-U svrhu dostave robe iz prodajnog asortimana Rukovaoca na adresu kupca, obra\u0111ujemo podatke o li\u010dnosti kupca (ime i prezime, adresu, broj telefona i e-mail adresu) po osnovu izvr\u0161enja ugovora (\u010dlan 12 stav 1 ta\u010dka 2 Zakona o za\u0161titi podataka o li\u010dnosti);<\/p><p>-U svrhu re\u0161avanja reklamacija, obra\u0111ujemo podatke o li\u010dnosti kupca (ime, prezime i adresu kupca), po osnovu Zakona o za\u0161titi potro\u0161a\u010da (\u010dlan 12 stav 1 ta\u010dka 3 Zakona o za\u0161titi podataka o li\u010dnosti);<\/p><p>-U svrhu za\u0161tite lica i imovine (video nadzor na prodajnom mestu) obra\u0111ujemo podatke o video snimku (prikaz lika), po osnovu legitimnog interesa radi za\u0161tite lica i imovine (\u010dlan 12 stav 1 ta\u010dka 6 Zakona o za\u0161titi podataka o li\u010dnosti).<\/p><p>Napominjemo, da u svrhu dostave projektne dokumentacije i u svrhu dostave kupljene robe na adresu kupca, vr\u0161imo prikupljanje i obradu podataka o li\u010dnosti samo onih kupaca koji zahtevaju takvu dostavu.<\/p><h5>2. Podaci o licima koja nas prate putem dru\u0161tvenih mre\u017ea (Instagram, Facebook)<\/h5><p>\u00a0&#8211; U svrhu promocije ponuda, pru\u017eanja usluga i korisni\u010dke podr\u0161ke, obra\u0111ujemo podatke koji su u skladu sa politikom konkretne dru\u0161tvene mre\u017ee ozna\u010deni kao javno dostupni, po osnovu informisanog pristanka pratilaca, pristankom na kori\u0161\u0107enje odre\u0111ene dru\u0161tvene mre\u017ee, pra\u0107enjem naloga i sl. (\u010dlan 12 stav 1 ta\u010dka 1 Zakona o za\u0161titi podataka o li\u010dnosti).<\/p><h5>3. Podaci o korisnicima Newsletter-a<\/h5><p>&#8211; U svrhe informisanja korisnika Newsletter-a o najnovijim ponudama iz prodajnog asortimana Rukovaoca, obra\u0111ujemo podatke o li\u010dnosti korisnika (e-mail adresu) po osnovu informisanog pristanka (\u010dlan 12 stav 1 ta\u010dka 1 Zakona o za\u0161titi podataka o li\u010dnosti).<\/p><p>U skladu sa \u010dlanom 47. Zakona o za\u0161titi podataka o li\u010dnosti, Rukovalac vodi odgovaraju\u0107e evidencije o radnjama obrade navedenih podataka.<\/p><h3>IV. Legitimni interes<\/h3><p>Rukovalac, po osnovu legitimnog interesa, prikuplja i obra\u0111uje samo podatke o li\u010dnosti koje vodi u Evidenciji obrade podataka o li\u010dnosti putem video nadzora, i ni u jednom drugom slu\u010daju. Legitimni interes ogleda se u potrebi ostvarivanja bezbednosti lica koja pose\u0107uju poslovni\/prodajni objekt, kao i u za\u0161titi robe koja se u njemu nalazi.<\/p><h3>V. Izno\u0161enje podataka<\/h3><p>Obave\u0161tavamo Vas da se Va\u0161i podaci o li\u010dnosti koje prikupljamo i obra\u0111ujemo, ne iznose iz Republike Srbije.<\/p><p>Podatke o li\u010dnosti ne delimo sa drugim licima ni pravnim subjektima. \u00a0<\/p><h3>VI. Vreme \u010duvanja va\u0161ih podataka<\/h3><p>Podaci o li\u010dnosti koje Rukovalac vodi u Evidenciji o kupcima \u010duvaju se 10 godina.<\/p><p>Podaci o li\u010dnosti koje Rukovalac vodi u Evidenciji o reklamacijama \u010duvaju se 2 godine.<\/p><p>Podaci o li\u010dnosti koje Rukovalac vodi u Evidenciji obrade podataka o li\u010dnosti putem video nadzora \u010duvaju se 30 dana.<\/p><p>Poaci o li\u010dnosti koje Rukovalac vodi u Evidenciji o pratiocima i u Evidenciji o obradi podataka o li\u010dnosti putem Newsletter-a, u \u010duvaju se do opoziva pristanka pratioca, odnosno korisnika Newsletter-a, u smislu \u010dlana 15 stav 3 Zakona o za\u0161titi podataka o li\u010dnosti, koji automatski ozna\u010dava i prestanak dalje obrade.<\/p><h3>VII. Mere za\u0161tite podataka o li\u010dnosti<\/h3><p>Rukovalac \u0161titi podatke o li\u010dnosti koriste\u0107i mere ograni\u010denog pristupa evidencijama o podacima o li\u010dnosti, sistemom dodeljenih rola i autorizovanog pristupa elektronskoj evidenciji putem lozinki za ulaz. Podacima koje se vode u Evidenciji o kupcima i u Evidenciji o reklamacijama, pristup \u0107e imati samo zaposleni u sektoru komercijale, dok \u0107e pristup Evidenciji o obradi podataka o li\u010dnosti putem Newsletter-a i Evidenciji o pratiocima pristup imati samo zaposleni na poziciji arhitekta-dizajner enterijera. Podacima koji se vode u Evidenciji o obradi podataka o li\u010dnosti putem video nadzora, pristup \u0107e imati samo lice zaposleno na poziciji arhitekta-odgovorni projektant.<\/p><h3>VIII. Obaveza davanja podataka<\/h3><p>Davanje podataka o li\u010dnosti kupca (ime i prezime, adresa, broj telefona, e-mail adresa), neophodan je uslov za zaklju\u010denje ugovora i realizaciju kupoprodaje, tj. dostavljanje kupljene robe, odnosno projektne dokumentacije. Davanje podataka o li\u010dnosti korisnika Newsletter-a (e-mail adresa), neophodan je uslov za prijavu na Newsletter. U slu\u010daju nedavanja podataka, ne\u0107emo biti u mogu\u0107nosti da Vam dostavimo kupljenu robu, niti \u0107ete biti u mogu\u0107nosti da se registrujete na na\u0161 Newsletter.\u00a0<\/p><p>U slu\u010daju da do\u0111e do povrede Va\u0161ih podataka o li\u010dnosti koja mo\u017ee da proizvede visok rizik po prava i slobode gra\u0111ana Rukovalac \u0107e postupiti u skladu sa \u010dlanom 53 Zakona o za\u0161titi podataka o li\u010dnosti te Vas obavestiti o povredi bez nepotrebnog odlaganja.<\/p><h3>IX. U nastavku Vas obave\u0161tavamo o Va\u0161im pravima prema Zakonu o za\u0161titi podataka o li\u010dnosti Republike Srbije:<\/h3><p>1. Pravo na informaciju i izdavanje potvrde da Rukovalac obra\u0111uje va\u0161e podatke;<\/p><p>2. Pravo na pristup podacima o li\u010dnosti;<\/p><p>3.Pravo na ispravku podataka o li\u010dnosti u slu\u010daju gre\u0161ke;<\/p><p>4. Pravo na brisanje podataka o li\u010dnosti;<\/p><p>5. Pravo na ograni\u010denje obrade;<\/p><p>6. Pravo na prenosivost podataka;<\/p><p>7. Pravo na automatizovano dono\u0161enje pojedina\u010dnih odluka;<\/p><p>&#8211; Imate pravo da u svakom trenutku podnesete prigovor na obradu Va\u0161ih podataka koja se zasniva na legitimnom interesu. Ukoliko iskoristite to svoje pravo, u obavezi smo da prekinemo obradu Va\u0161ih podataka o li\u010dnosti, osim ako postoje zakonski razlozi za obradu koji prete\u017eu nad Va\u0161im interesima, pravima ili slobodama ili su u vezi sa podno\u0161enjem, ostvarivanjem ili odbranom pravnog zahteva. Tako\u0111e, u svakom trenutku imate pravo da podnesete prigovor na obradu svojih podataka o li\u010dnosti koji se obra\u0111uju za potrebe direktnog ogla\u0161avanja, u kom slu\u010daju Va\u0161i podaci ne\u0107e biti dalje obra\u0111ivani u navedenu svrhu. (<strong>Pravo na prigovor<\/strong>)<\/p><p>&#8211; Davanje pristanka na obradu podataka o li\u010dnosti (korisnici Newsletter-a daju pristanak slanjem svoje e-mail adrese; pratioci na dru\u0161tvenim mre\u017eama daju svoj pristanak klikom na polja \u201efollow\u201c, \u201elike\u201c) ne predstavlja zakonski ili ugovorni uslov, niti je preduslov za zaklju\u010divanje bilo kakavog ugovornog odnosa sa nama. Davanje pristanka je dobrovoljno a mo\u017eete ga povu\u0107i u bilo kom trenutku: klikom na polje \u201eodjava\u201c koje se nalazi na svakom Newsletter-u koji dobijate od nas, odnosno prestankom pra\u0107enja na dru\u0161tvenoj mre\u017ei, klikom na polje \u201eunlike\u201c i sli\u010dno. Opoziv pristanka ne uti\u010de na dopu\u0161tenost obrade koja je vr\u0161ena na osnovu pristanka pre opoziva. (<strong>Pravo na opoziv pristanka<\/strong>)<\/p><p>&#8211; U svakom trenutku mo\u017eete podneti pritu\u017ebu povereniku za informacije od javnog zna\u010daja i za\u0161titu podataka o li\u010dnosti ako smatrate da obrada podataka o li\u010dnosti nije u skladu sa va\u017ee\u0107im zakonom. (<strong>Pravo podno\u0161enja pritu\u017ebe Povereniku<\/strong>)<\/p><p>Prava se mogu ostvariti kontaktiranjem Rukovaoca na e-mail adresu:\u00a0<a href=\"mailto:adjordjevic@polydec.rs\">adjordjevic@polydec.rs<\/a>\u00a0ili putem kontakt telefona: 011 3540 650.<\/p><p>Nadle\u017eni dr\u017eavni organ za za\u0161titu podatka o li\u010dnosti je Poverenik za informacije od javnog zna\u010daja i za\u0161titu podataka o li\u010dnosti Republike Srbije. Organu se svi zainteresovani mogu obratiti na adresu Bulevar kralja Aleksandra 15, Beograd, 11120 po\u0161tanski broj, telefon 011 3408 900, e \u2013 mail:\u00a0<a href=\"mailto:office@poverenik.rs\">office@poverenik.rs<\/a>\u00a0.<\/p>\t\t\t\t\t\t\t\t<\/div>\n\t\t\t\t<\/div>\n\t\t\t\t\t<\/div>\n\t\t\t\t<\/div>\n\t\t\t\t<\/div>","protected":false},"excerpt":{"rendered":"<p>Politika Privatnosti OBAVE\u0160TENJE O OBRADI PODATAKA O LI\u010cNOSTI Ovo obave\u0161tenje daje se u skladu sa \u010dlanom 21 Zakona o za\u0161titi podataka o li\u010dnosti (\u201cSlu\u017ebeni glasnik RS\u201d, br. 87\/2018)(u nastavku: \u201cZakon o za\u0161titi podataka o li\u010dnosti\u201d), i sadr\u017ei informacije o tome na koji na\u010din privredno dru\u0161tvo PREDUZE\u0106E ZA TRGOVINU I USLUGE POLY DEC DOO BEOGRAD obra\u0111uje [&hellip;]<\/p>","protected":false},"author":1,"featured_media":0,"parent":0,"menu_order":0,"comment_status":"closed","ping_status":"closed","template":"elementor_header_footer","meta":{"footnotes":""},"class_list":["post-3892","page","type-page","status-publish","hentry"],"_links":{"self":[{"href":"https:\/\/polydec.rs\/en\/wp-json\/wp\/v2\/pages\/3892","targetHints":{"allow":["GET"]}}],"collection":[{"href":"https:\/\/polydec.rs\/en\/wp-json\/wp\/v2\/pages"}],"about":[{"href":"https:\/\/polydec.rs\/en\/wp-json\/wp\/v2\/types\/page"}],"author":[{"embeddable":true,"href":"https:\/\/polydec.rs\/en\/wp-json\/wp\/v2\/users\/1"}],"replies":[{"embeddable":true,"href":"https:\/\/polydec.rs\/en\/wp-json\/wp\/v2\/comments?post=3892"}],"version-history":[{"count":25,"href":"https:\/\/polydec.rs\/en\/wp-json\/wp\/v2\/pages\/3892\/revisions"}],"predecessor-version":[{"id":3918,"href":"https:\/\/polydec.rs\/en\/wp-json\/wp\/v2\/pages\/3892\/revisions\/3918"}],"wp:attachment":[{"href":"https:\/\/polydec.rs\/en\/wp-json\/wp\/v2\/media?parent=3892"}],"curies":[{"name":"wp","href":"https:\/\/api.w.org\/{rel}","templated":true}]}}